{"id":2567,"date":"2023-07-20T09:21:25","date_gmt":"2023-07-20T09:21:25","guid":{"rendered":"https:\/\/offershubdirect.com\/?post_type=product&#038;p=2567"},"modified":"2025-07-25T11:03:28","modified_gmt":"2025-07-25T11:03:28","slug":"442-1216-sandvik-concave","status":"publish","type":"product","link":"https:\/\/www.crushersparesltd.com\/fr\/product\/442-1216-concave-sandvik\/","title":{"rendered":"442.1216 | Concave | Sandvik \u00ae H3800 \/ CH430 \/ QH331 |"},"content":{"rendered":"<div class=\"wpforms-container \" id=\"wpforms-2675\"><form id=\"wpforms-form-2675\" class=\"wpforms-validate wpforms-form wpforms-ajax-form\" data-formid=\"2675\" method=\"post\" enctype=\"multipart\/form-data\" action=\"\/fr\/wp-json\/wp\/v2\/product\/2567?wpforms_form_id=2675\" data-token=\"67c3a8daa86cb644f42fcd8981e07f6d\" data-token-time=\"1776601461\"><div class=\"wpforms-head-container\"><div class=\"wpforms-title\">Special Offer Purchase Form<\/div><div class=\"wpforms-description\">Interested in any of our parts on special offer? Call us on (+44) 01443 228 329 or contact us by the form below.<\/div><\/div><noscript class=\"wpforms-error-noscript\">Veuillez activer JavaScript dans votre navigateur pour remplir ce formulaire.<\/noscript><div class=\"wpforms-field-container\"><div id=\"wpforms-2675-field_9-container\" class=\"wpforms-field wpforms-field-content\" data-field-id=\"9\"><div id=\"wpforms-2675-field_9\" class=\"wpforms-field-medium wpforms-field-row\"><h5>Message Us<\/h5>\n<div class=\"wpforms-field-content-display-frontend-clear\"><\/div><\/div><\/div><div id=\"wpforms-2675-field_3-container\" class=\"wpforms-field wpforms-field-text\" data-field-id=\"3\"><label class=\"wpforms-field-label\" for=\"wpforms-2675-field_3\">Subject - Product <span class=\"wpforms-required-label\">*<\/span><\/label><input type=\"text\" id=\"wpforms-2675-field_3\" class=\"wpforms-field-large wpforms-field-required\" name=\"wpforms[fields][3]\" placeholder=\"Product Name\" required><\/div><div id=\"wpforms-2675-field_0-container\" class=\"wpforms-field wpforms-field-name\" data-field-id=\"0\"><label class=\"wpforms-field-label\" for=\"wpforms-2675-field_0\">Name <span class=\"wpforms-required-label\">*<\/span><\/label><input type=\"text\" id=\"wpforms-2675-field_0\" class=\"wpforms-field-large wpforms-field-required\" name=\"wpforms[fields][0]\" required><\/div><div id=\"wpforms-2675-field_5-container\" class=\"wpforms-field wpforms-field-text\" data-field-id=\"5\"><label class=\"wpforms-field-label\" for=\"wpforms-2675-field_5\">Company Name<\/label><input type=\"text\" id=\"wpforms-2675-field_5\" class=\"wpforms-field-large\" name=\"wpforms[fields][5]\" ><\/div><div id=\"wpforms-2675-field_1-container\" class=\"wpforms-field wpforms-field-email\" data-field-id=\"1\"><label class=\"wpforms-field-label\" for=\"wpforms-2675-field_1\">Email <span class=\"wpforms-required-label\">*<\/span><\/label><input type=\"email\" id=\"wpforms-2675-field_1\" class=\"wpforms-field-large wpforms-field-required\" name=\"wpforms[fields][1]\" spellcheck=\"false\" required><\/div><div id=\"wpforms-2675-field_6-container\" class=\"wpforms-field wpforms-field-number\" data-field-id=\"6\"><label class=\"wpforms-field-label\" for=\"wpforms-2675-field_6\">Contact Phone Number<\/label><input type=\"number\" id=\"wpforms-2675-field_6\" class=\"wpforms-field-large\" name=\"wpforms[fields][6]\" step=\"any\" ><\/div><div id=\"wpforms-2675-field_2-container\" class=\"wpforms-field wpforms-field-textarea\" data-field-id=\"2\"><label class=\"wpforms-field-label\" for=\"wpforms-2675-field_2\">Message<\/label><textarea id=\"wpforms-2675-field_2\" class=\"wpforms-field-medium\" name=\"wpforms[fields][2]\" ><\/textarea><\/div><div id=\"wpforms-2675-field_8-container\" class=\"wpforms-field wpforms-field-file-upload\" data-field-id=\"8\"><label class=\"wpforms-field-label\" for=\"wpforms-2675-field_8\">File Upload<\/label><div\n\t\tclass=\"wpforms-uploader \"\n\t\tdata-field-id=\"8\"\n\t\tdata-form-id=\"2675\"\n\t\tdata-input-name=\"wpforms_2675_8\"\n\t\tdata-extensions=\"jpg,jpeg,jpe,gif,png,bmp,tiff,tif,webp,avif,ico,heic,heif,heics,heifs,asf,asx,wmv,wmx,wm,avi,divx,mov,qt,mpeg,mpg,mpe,mp4,m4v,ogv,webm,mkv,3gp,3gpp,3g2,3gp2,txt,asc,c,cc,h,srt,csv,tsv,ics,rtx,css,vtt,mp3,m4a,m4b,aac,ra,ram,wav,x-wav,ogg,oga,flac,mid,midi,wma,wax,mka,rtf,pdf,class,tar,zip,gz,gzip,rar,7z,psd,xcf,doc,pot,pps,ppt,wri,xla,xls,xlt,xlw,mpp,docx,docm,dotx,dotm,xlsx,xlsm,xlsb,xltx,xltm,xlam,pptx,pptm,ppsx,ppsm,potx,potm,ppam,sldx,sldm,onetoc,onetoc2,onepkg,oxps,xps,odt,odp,ods,odg,odc,odb,odf,wp,wpd,key,numbers,pages\"\n\t\tdata-max-size=\"8388608\"\n\t\tdata-max-file-number=\"1\"\n\t\tdata-post-max-size=\"8388608\"\n\t\tdata-max-parallel-uploads=\"4\"\n\t\tdata-parallel-uploads=\"true\"\n\t\tdata-file-chunk-size=\"2097152\">\n\t<div class=\"dz-message\">\n\t\t<svg  viewBox=\"0 0 640 640\" focusable=\"false\" data-icon=\"inbox\" width=\"50px\" height=\"50px\" fill=\"currentColor\" aria-hidden=\"true\">\n\t\t\t<path d=\"M352 173.3L352 384C352 401.7 337.7 416 320 416C302.3 416 288 401.7 288 384L288 173.3L246.6 214.7C234.1 227.2 213.8 227.2 201.3 214.7C188.8 202.2 188.8 181.9 201.3 169.4L297.3 73.4C309.8 60.9 330.1 60.9 342.6 73.4L438.6 169.4C451.1 181.9 451.1 202.2 438.6 214.7C426.1 227.2 405.8 227.2 393.3 214.7L352 173.3zM320 464C364.2 464 400 428.2 400 384L480 384C515.3 384 544 412.7 544 448L544 480C544 515.3 515.3 544 480 544L160 544C124.7 544 96 515.3 96 480L96 448C96 412.7 124.7 384 160 384L240 384C240 428.2 275.8 464 320 464zM464 488C477.3 488 488 477.3 488 464C488 450.7 477.3 440 464 440C450.7 440 440 450.7 440 464C440 477.3 450.7 488 464 488z\"\/>\n\t\t<\/svg>\n\n\t\t<span class=\"modern-title\">\n\t\t\t\t\t\t\tDrag &amp; Drop Files, \t\t\t\t<span>Choose Files to Upload<\/span>\n\t\t\t\t\t<\/span>\n\n\t\t\t<\/div>\n<\/div>\n\n<input\n\t\ttype=\"text\"\n\t\tautocomplete=\"off\"\n\t\treadonly\n\t\tclass=\"dropzone-input\"\n\t\tstyle=\"position:absolute!important;clip:rect(0,0,0,0)!important;height:1px!important;width:1px!important;border:0!important;overflow:hidden!important;padding:0!important;margin:0!important;\"\n\t\tid=\"wpforms-2675-field_8\"\n\t\tname=\"wpforms_2675_8\" \t\tvalue=\"\">\n<\/div><\/div><!-- .wpforms-field-container --><div class=\"wpforms-submit-container\" ><input type=\"hidden\" name=\"wpforms[id]\" value=\"2675\"><input type=\"hidden\" name=\"page_title\" value=\"\"><input type=\"hidden\" name=\"page_url\" value=\"https:\/\/www.crushersparesltd.com\/fr\/wp-json\/wp\/v2\/product\/2567\"><input type=\"hidden\" name=\"url_referer\" value=\"\"><button type=\"submit\" name=\"wpforms[submit]\" id=\"wpforms-submit-2675\" class=\"wpforms-submit\" data-alt-text=\"Sending...\" data-submit-text=\"Submit\" aria-live=\"assertive\" value=\"wpforms-submit\">Submit<\/button><img decoding=\"async\" src=\"https:\/\/www.crushersparesltd.com\/wp-content\/plugins\/wpforms\/assets\/images\/submit-spin.svg\" class=\"wpforms-submit-spinner\" style=\"display: none;\" width=\"26\" height=\"26\" alt=\"Chargement en cours\"><\/div><\/form><\/div>  <!-- .wpforms-container -->\n","protected":false},"excerpt":{"rendered":"<div>\n<p>Fourni par Crusher Spares Ltd pour s&#039;adapter aux <span class=\"apple-converted-space\"><b>Sandvik\u00ae | H3800 \/ CH430 \/ QH331 C\u00f4ne Crusher<\/b><\/span><strong>.<\/strong><span class=\"apple-converted-space\"><b>\u00a0<\/b><\/span><\/p>\n<p>Compatibilit\u00e9 v\u00e9rifi\u00e9e avec l&#039;original<span class=\"apple-converted-space\"> <b>Sandvik\u00ae <\/b><\/span><span class=\"apple-converted-space\"><b> 442.1216 <\/b><\/span>sp\u00e9cification.<\/p>\n<\/div>\n<div>\n<p><span style=\"font-size: 16px;\">Profil \/ Grade :<\/span> <strong style=\"font-size: 16px;\">\u00a0Moyennement fin, <strong>Mangan\u00e8se 18%, Chrome 2%<\/strong><\/strong><\/p>\n<p>Prix de liquidation :<strong><span class=\"apple-converted-space\"> 800\u00a0\u00a3\u00a0EUR<\/span>\u00a0 \/ 960 euros \/ 1040 USD $\u00a0<\/strong><\/p>\n<\/div>\n<div>\n<p style=\"font-weight: 400;\">OEM \/ March\u00e9 secondaire :\u00a0<strong>V\u00e9ritable alternative<\/strong><\/p>\n<\/div>","protected":false},"featured_media":4944,"template":"","meta":{"site-sidebar-layout":"default","site-content-layout":"default","ast-site-content-layout":"default","site-content-style":"default","site-sidebar-style":"default","ast-global-header-display":"","ast-banner-title-visibility":"","ast-main-header-display":"","ast-hfb-above-header-display":"","ast-hfb-below-header-display":"","ast-hfb-mobile-header-display":"","site-post-title":"","ast-breadcrumbs-content":"","ast-featured-img":"","footer-sml-layout":"","ast-disable-related-posts":"","theme-transparent-header-meta":"default","adv-header-id-meta":"","stick-header-meta":"default","header-above-stick-meta":"","header-main-stick-meta":"","header-below-stick-meta":"","astra-migrate-meta-layouts":"set","ast-page-background-enabled":"default","ast-page-background-meta":{"desktop":{"background-color":"","background-image":"","background-repeat":"repeat","background-position":"center center","background-size":"auto","background-attachment":"scroll","background-type":"","background-media":"","overlay-type":"","overlay-color":"","overlay-opacity":"","overlay-gradient":""},"tablet":{"background-color":"","background-image":"","background-repeat":"repeat","background-position":"center center","background-size":"auto","background-attachment":"scroll","background-type":"","background-media":"","overlay-type":"","overlay-color":"","overlay-opacity":"","overlay-gradient":""},"mobile":{"background-color":"","background-image":"","background-repeat":"repeat","background-position":"center center","background-size":"auto","background-attachment":"scroll","background-type":"","background-media":"","overlay-type":"","overlay-color":"","overlay-opacity":"","overlay-gradient":""}},"ast-content-background-meta":{"desktop":{"background-color":"var(--ast-global-color-5)","background-image":"","background-repeat":"repeat","background-position":"center center","background-size":"auto","background-attachment":"scroll","background-type":"","background-media":"","overlay-type":"","overlay-color":"","overlay-opacity":"","overlay-gradient":""},"tablet":{"background-color":"var(--ast-global-color-5)","background-image":"","background-repeat":"repeat","background-position":"center center","background-size":"auto","background-attachment":"scroll","background-type":"","background-media":"","overlay-type":"","overlay-color":"","overlay-opacity":"","overlay-gradient":""},"mobile":{"background-color":"var(--ast-global-color-5)","background-image":"","background-repeat":"repeat","background-position":"center center","background-size":"auto","background-attachment":"scroll","background-type":"","background-media":"","overlay-type":"","overlay-color":"","overlay-opacity":"","overlay-gradient":""}},"_joinchat":[]},"product_brand":[],"product_cat":[249,29,248],"product_tag":[],"class_list":{"0":"post-2567","1":"product","2":"type-product","3":"status-publish","4":"has-post-thumbnail","6":"product_cat-ch430-qh331-h3800","7":"product_cat-cone-crusher-spares","8":"product_cat-sandvik-cone-crusher-spares","9":"desktop-align-center","10":"tablet-align-left","11":"mobile-align-center","12":"ast-product-gallery-layout-horizontal","13":"ast-product-gallery-with-no-image","14":"ast-product-tabs-layout-horizontal","16":"first","17":"instock","18":"sale","19":"shipping-taxable","20":"product-type-simple"},"yoast_head":"<!-- This site is optimized with the Yoast SEO plugin v27.4 - https:\/\/yoast.com\/product\/yoast-seo-wordpress\/ -->\n<title>442.1216 | Concave | Sandvik \u00ae H3800 \/ CH430 \/ QH331 |<\/title>\n<meta name=\"description\" content=\"Medium Fine, to suit the Sandvik\u00ae H3800 \/ CH430 \/ QH331 Cone Crusher.\u00a0Verified compatibility with original 442.1216 specification. Worldwide Delivery.\" \/>\n<meta name=\"robots\" content=\"index, follow, max-snippet:-1, max-image-preview:large, max-video-preview:-1\" \/>\n<link rel=\"canonical\" href=\"https:\/\/www.crushersparesltd.com\/fr\/produit\/442-1216-sandvik-concave\/\" \/>\n<meta property=\"og:locale\" content=\"fr_FR\" \/>\n<meta property=\"og:type\" content=\"article\" \/>\n<meta property=\"og:title\" content=\"442.1216 | Concave | Sandvik \u00ae H3800 \/ CH430 \/ QH331 |\" \/>\n<meta property=\"og:description\" content=\"Medium Fine, to suit the Sandvik\u00ae H3800 \/ CH430 \/ QH331 Cone Crusher.\u00a0Verified compatibility with original 442.1216 specification. Worldwide Delivery.\" \/>\n<meta property=\"og:url\" content=\"https:\/\/www.crushersparesltd.com\/fr\/produit\/442-1216-sandvik-concave\/\" \/>\n<meta property=\"og:site_name\" content=\"Crusher Spares &amp; Parts | UK &amp; Worldwide Delivery | Crusher Spares Ltd\" \/>\n<meta property=\"article:modified_time\" content=\"2025-07-25T11:03:28+00:00\" \/>\n<meta property=\"og:image\" content=\"https:\/\/www.crushersparesltd.com\/wp-content\/uploads\/2023\/10\/442.1216-concave-1-scaled-600x450-min.png?v=1750931731\" \/>\n\t<meta property=\"og:image:width\" content=\"600\" \/>\n\t<meta property=\"og:image:height\" content=\"450\" \/>\n\t<meta property=\"og:image:type\" content=\"image\/png\" \/>\n<meta name=\"twitter:card\" content=\"summary_large_image\" \/>\n<meta name=\"twitter:label1\" content=\"Dur\u00e9e de lecture estim\u00e9e\" \/>\n\t<meta name=\"twitter:data1\" content=\"1 minute\" \/>\n<script type=\"application\/ld+json\" class=\"yoast-schema-graph\">{\"@context\":\"https:\\\/\\\/schema.org\",\"@graph\":[{\"@type\":\"WebPage\",\"@id\":\"https:\\\/\\\/www.crushersparesltd.com\\\/product\\\/442-1216-concave-sandvik\\\/\",\"url\":\"https:\\\/\\\/www.crushersparesltd.com\\\/product\\\/442-1216-concave-sandvik\\\/\",\"name\":\"442.1216 | Concave | Sandvik \u00ae H3800 \\\/ CH430 \\\/ QH331 |\",\"isPartOf\":{\"@id\":\"https:\\\/\\\/www.crushersparesltd.com\\\/#website\"},\"primaryImageOfPage\":{\"@id\":\"https:\\\/\\\/www.crushersparesltd.com\\\/product\\\/442-1216-concave-sandvik\\\/#primaryimage\"},\"image\":{\"@id\":\"https:\\\/\\\/www.crushersparesltd.com\\\/product\\\/442-1216-concave-sandvik\\\/#primaryimage\"},\"thumbnailUrl\":\"https:\\\/\\\/www.crushersparesltd.com\\\/wp-content\\\/uploads\\\/2023\\\/10\\\/442.1216-concave-1-scaled-600x450-min.png?v=1750931731\",\"datePublished\":\"2023-07-20T09:21:25+00:00\",\"dateModified\":\"2025-07-25T11:03:28+00:00\",\"description\":\"Medium Fine, to suit the Sandvik\u00ae H3800 \\\/ CH430 \\\/ QH331 Cone Crusher.\u00a0Verified compatibility with original 442.1216 specification. Worldwide Delivery.\",\"breadcrumb\":{\"@id\":\"https:\\\/\\\/www.crushersparesltd.com\\\/product\\\/442-1216-concave-sandvik\\\/#breadcrumb\"},\"inLanguage\":\"fr-FR\",\"potentialAction\":[{\"@type\":\"ReadAction\",\"target\":[\"https:\\\/\\\/www.crushersparesltd.com\\\/product\\\/442-1216-concave-sandvik\\\/\"]}]},{\"@type\":\"ImageObject\",\"inLanguage\":\"fr-FR\",\"@id\":\"https:\\\/\\\/www.crushersparesltd.com\\\/product\\\/442-1216-concave-sandvik\\\/#primaryimage\",\"url\":\"https:\\\/\\\/www.crushersparesltd.com\\\/wp-content\\\/uploads\\\/2023\\\/10\\\/442.1216-concave-1-scaled-600x450-min.png?v=1750931731\",\"contentUrl\":\"https:\\\/\\\/www.crushersparesltd.com\\\/wp-content\\\/uploads\\\/2023\\\/10\\\/442.1216-concave-1-scaled-600x450-min.png?v=1750931731\",\"width\":600,\"height\":450,\"caption\":\"442.1216 | Concave | Medium Fine | Sandvik \u00ae |\"},{\"@type\":\"BreadcrumbList\",\"@id\":\"https:\\\/\\\/www.crushersparesltd.com\\\/product\\\/442-1216-concave-sandvik\\\/#breadcrumb\",\"itemListElement\":[{\"@type\":\"ListItem\",\"position\":1,\"name\":\"Home\",\"item\":\"https:\\\/\\\/www.crushersparesltd.com\\\/\"},{\"@type\":\"ListItem\",\"position\":2,\"name\":\"Crushers &#038; Parts\",\"item\":\"https:\\\/\\\/www.crushersparesltd.com\\\/parts-services\\\/\"},{\"@type\":\"ListItem\",\"position\":3,\"name\":\"442.1216 | Concave | Sandvik \u00ae H3800 \\\/ CH430 \\\/ QH331 |\"}]},{\"@type\":\"WebSite\",\"@id\":\"https:\\\/\\\/www.crushersparesltd.com\\\/#website\",\"url\":\"https:\\\/\\\/www.crushersparesltd.com\\\/\",\"name\":\"Crusher Spares Ltd\",\"description\":\"Crusher Spares Ltd supplies high-quality crusher spares, parts &amp; wear parts for jaw, cone &amp; impact crushers. Fast UK &amp; global delivery available.\",\"publisher\":{\"@id\":\"https:\\\/\\\/www.crushersparesltd.com\\\/#organization\"},\"alternateName\":\"Crusher Spares Ltd\",\"potentialAction\":[{\"@type\":\"SearchAction\",\"target\":{\"@type\":\"EntryPoint\",\"urlTemplate\":\"https:\\\/\\\/www.crushersparesltd.com\\\/?s={search_term_string}\"},\"query-input\":{\"@type\":\"PropertyValueSpecification\",\"valueRequired\":true,\"valueName\":\"search_term_string\"}}],\"inLanguage\":\"fr-FR\"},{\"@type\":\"Organization\",\"@id\":\"https:\\\/\\\/www.crushersparesltd.com\\\/#organization\",\"name\":\"Crusher Spares Ltd\",\"alternateName\":\"Crusher Spares Ltd\",\"url\":\"https:\\\/\\\/www.crushersparesltd.com\\\/\",\"logo\":{\"@type\":\"ImageObject\",\"inLanguage\":\"fr-FR\",\"@id\":\"https:\\\/\\\/www.crushersparesltd.com\\\/#\\\/schema\\\/logo\\\/image\\\/\",\"url\":\"https:\\\/\\\/www.crushersparesltd.com\\\/wp-content\\\/uploads\\\/2023\\\/11\\\/CSL-LOGO-min.png?v=1703149155\",\"contentUrl\":\"https:\\\/\\\/www.crushersparesltd.com\\\/wp-content\\\/uploads\\\/2023\\\/11\\\/CSL-LOGO-min.png?v=1703149155\",\"width\":368,\"height\":171,\"caption\":\"Crusher Spares Ltd\"},\"image\":{\"@id\":\"https:\\\/\\\/www.crushersparesltd.com\\\/#\\\/schema\\\/logo\\\/image\\\/\"}}]}<\/script>\n<!-- \/ Yoast SEO plugin. -->","yoast_head_json":{"title":"442.1216 | Concave | Sandvik \u00ae H3800 \/ CH430 \/ QH331 |","description":"Finesse moyenne, compatible avec le concasseur \u00e0 c\u00f4ne Sandvik\u00ae H3800 \/ CH430 \/ QH331. Compatibilit\u00e9 v\u00e9rifi\u00e9e avec la sp\u00e9cification d&#039;origine 442.1216. Livraison dans le monde entier.","robots":{"index":"index","follow":"follow","max-snippet":"max-snippet:-1","max-image-preview":"max-image-preview:large","max-video-preview":"max-video-preview:-1"},"canonical":"https:\/\/www.crushersparesltd.com\/fr\/produit\/442-1216-sandvik-concave\/","og_locale":"fr_FR","og_type":"article","og_title":"442.1216 | Concave | Sandvik \u00ae H3800 \/ CH430 \/ QH331 |","og_description":"Medium Fine, to suit the Sandvik\u00ae H3800 \/ CH430 \/ QH331 Cone Crusher.\u00a0Verified compatibility with original 442.1216 specification. Worldwide Delivery.","og_url":"https:\/\/www.crushersparesltd.com\/fr\/produit\/442-1216-sandvik-concave\/","og_site_name":"Crusher Spares &amp; Parts | UK &amp; Worldwide Delivery | Crusher Spares Ltd","article_modified_time":"2025-07-25T11:03:28+00:00","og_image":[{"width":600,"height":450,"url":"https:\/\/www.crushersparesltd.com\/wp-content\/uploads\/2023\/10\/442.1216-concave-1-scaled-600x450-min.png?v=1750931731","type":"image\/png"}],"twitter_card":"summary_large_image","twitter_misc":{"Dur\u00e9e de lecture estim\u00e9e":"1 minute"},"schema":{"@context":"https:\/\/schema.org","@graph":[{"@type":"WebPage","@id":"https:\/\/www.crushersparesltd.com\/product\/442-1216-concave-sandvik\/","url":"https:\/\/www.crushersparesltd.com\/product\/442-1216-concave-sandvik\/","name":"442.1216 | Concave | Sandvik \u00ae H3800 \/ CH430 \/ QH331 |","isPartOf":{"@id":"https:\/\/www.crushersparesltd.com\/#website"},"primaryImageOfPage":{"@id":"https:\/\/www.crushersparesltd.com\/product\/442-1216-concave-sandvik\/#primaryimage"},"image":{"@id":"https:\/\/www.crushersparesltd.com\/product\/442-1216-concave-sandvik\/#primaryimage"},"thumbnailUrl":"https:\/\/www.crushersparesltd.com\/wp-content\/uploads\/2023\/10\/442.1216-concave-1-scaled-600x450-min.png?v=1750931731","datePublished":"2023-07-20T09:21:25+00:00","dateModified":"2025-07-25T11:03:28+00:00","description":"Finesse moyenne, compatible avec le concasseur \u00e0 c\u00f4ne Sandvik\u00ae H3800 \/ CH430 \/ QH331. Compatibilit\u00e9 v\u00e9rifi\u00e9e avec la sp\u00e9cification d&#039;origine 442.1216. Livraison dans le monde entier.","breadcrumb":{"@id":"https:\/\/www.crushersparesltd.com\/product\/442-1216-concave-sandvik\/#breadcrumb"},"inLanguage":"fr-FR","potentialAction":[{"@type":"ReadAction","target":["https:\/\/www.crushersparesltd.com\/product\/442-1216-concave-sandvik\/"]}]},{"@type":"ImageObject","inLanguage":"fr-FR","@id":"https:\/\/www.crushersparesltd.com\/product\/442-1216-concave-sandvik\/#primaryimage","url":"https:\/\/www.crushersparesltd.com\/wp-content\/uploads\/2023\/10\/442.1216-concave-1-scaled-600x450-min.png?v=1750931731","contentUrl":"https:\/\/www.crushersparesltd.com\/wp-content\/uploads\/2023\/10\/442.1216-concave-1-scaled-600x450-min.png?v=1750931731","width":600,"height":450,"caption":"442.1216 | Concave | Medium Fine | Sandvik \u00ae |"},{"@type":"BreadcrumbList","@id":"https:\/\/www.crushersparesltd.com\/product\/442-1216-concave-sandvik\/#breadcrumb","itemListElement":[{"@type":"ListItem","position":1,"name":"Home","item":"https:\/\/www.crushersparesltd.com\/"},{"@type":"ListItem","position":2,"name":"Crushers &#038; Parts","item":"https:\/\/www.crushersparesltd.com\/parts-services\/"},{"@type":"ListItem","position":3,"name":"442.1216 | Concave | Sandvik \u00ae H3800 \/ CH430 \/ QH331 |"}]},{"@type":"WebSite","@id":"https:\/\/www.crushersparesltd.com\/#website","url":"https:\/\/www.crushersparesltd.com\/","name":"Crusher Spares Ltd","description":"Crusher Spares Ltd fournit des pi\u00e8ces d\u00e9tach\u00e9es et d&#039;usure de haute qualit\u00e9 pour concasseurs \u00e0 m\u00e2choires, \u00e0 c\u00f4ne et \u00e0 percussion. Livraison rapide au Royaume-Uni et dans le monde entier.","publisher":{"@id":"https:\/\/www.crushersparesltd.com\/#organization"},"alternateName":"Crusher Spares Ltd","potentialAction":[{"@type":"SearchAction","target":{"@type":"EntryPoint","urlTemplate":"https:\/\/www.crushersparesltd.com\/?s={search_term_string}"},"query-input":{"@type":"PropertyValueSpecification","valueRequired":true,"valueName":"search_term_string"}}],"inLanguage":"fr-FR"},{"@type":"Organization","@id":"https:\/\/www.crushersparesltd.com\/#organization","name":"Crusher Spares Ltd","alternateName":"Crusher Spares Ltd","url":"https:\/\/www.crushersparesltd.com\/","logo":{"@type":"ImageObject","inLanguage":"fr-FR","@id":"https:\/\/www.crushersparesltd.com\/#\/schema\/logo\/image\/","url":"https:\/\/www.crushersparesltd.com\/wp-content\/uploads\/2023\/11\/CSL-LOGO-min.png?v=1703149155","contentUrl":"https:\/\/www.crushersparesltd.com\/wp-content\/uploads\/2023\/11\/CSL-LOGO-min.png?v=1703149155","width":368,"height":171,"caption":"Crusher Spares Ltd"},"image":{"@id":"https:\/\/www.crushersparesltd.com\/#\/schema\/logo\/image\/"}}]}},"_links":{"self":[{"href":"https:\/\/www.crushersparesltd.com\/fr\/wp-json\/wp\/v2\/product\/2567","targetHints":{"allow":["GET"]}}],"collection":[{"href":"https:\/\/www.crushersparesltd.com\/fr\/wp-json\/wp\/v2\/product"}],"about":[{"href":"https:\/\/www.crushersparesltd.com\/fr\/wp-json\/wp\/v2\/types\/product"}],"version-history":[{"count":0,"href":"https:\/\/www.crushersparesltd.com\/fr\/wp-json\/wp\/v2\/product\/2567\/revisions"}],"wp:featuredmedia":[{"embeddable":true,"href":"https:\/\/www.crushersparesltd.com\/fr\/wp-json\/wp\/v2\/media\/4944"}],"wp:attachment":[{"href":"https:\/\/www.crushersparesltd.com\/fr\/wp-json\/wp\/v2\/media?parent=2567"}],"wp:term":[{"taxonomy":"product_brand","embeddable":true,"href":"https:\/\/www.crushersparesltd.com\/fr\/wp-json\/wp\/v2\/product_brand?post=2567"},{"taxonomy":"product_cat","embeddable":true,"href":"https:\/\/www.crushersparesltd.com\/fr\/wp-json\/wp\/v2\/product_cat?post=2567"},{"taxonomy":"product_tag","embeddable":true,"href":"https:\/\/www.crushersparesltd.com\/fr\/wp-json\/wp\/v2\/product_tag?post=2567"}],"curies":[{"name":"wp","href":"https:\/\/api.w.org\/{rel}","templated":true}]}}