{"id":5122,"date":"2023-11-03T10:35:47","date_gmt":"2023-11-03T10:35:47","guid":{"rendered":"https:\/\/www.offershubdirect.com\/?post_type=product&#038;p=5122"},"modified":"2025-11-06T15:43:51","modified_gmt":"2025-11-06T15:43:51","slug":"cr005-060-001-stift-suport-de-comutare-terex-pegson","status":"publish","type":"product","link":"https:\/\/www.crushersparesltd.com\/ro\/product\/cr005-060-001-toggle-bracket-pin-terex-pegson\/","title":{"rendered":"CR005-060-001 Pin suport de comutare | Terex\u00ae Pegson\u00ae |"},"content":{"rendered":"<p style=\"font-weight: 400;\"><div class=\"wpforms-container \" id=\"wpforms-1385\"><form id=\"wpforms-form-1385\" class=\"wpforms-validate wpforms-form wpforms-ajax-form\" data-formid=\"1385\" method=\"post\" enctype=\"multipart\/form-data\" action=\"\/ro\/wp-json\/wp\/v2\/product\/5122?wpforms_form_id=1385\" data-token=\"84f3c8be308cff373429ddcc4ad641c9\" data-token-time=\"1776445325\"><div class=\"wpforms-head-container\"><div class=\"wpforms-title\">Product Enquiry Form<\/div><div class=\"wpforms-description\">Call us on (+44) 01443 228 329 or complete the contact form below. \r\n\r\nPlease provide the make & model of the machine and any part \/ reference numbers.<\/div><\/div><noscript class=\"wpforms-error-noscript\">Please enable JavaScript in your browser to complete this form.<\/noscript><div class=\"wpforms-field-container\"><div id=\"wpforms-1385-field_16-container\" class=\"wpforms-field wpforms-field-content\" data-field-id=\"16\"><div id=\"wpforms-1385-field_16\" class=\"wpforms-field-medium wpforms-field-row\"><h5>Message Us<\/h5>\n<div class=\"wpforms-field-content-display-frontend-clear\"><\/div><\/div><\/div><div id=\"wpforms-1385-field_3-container\" class=\"wpforms-field wpforms-field-text\" data-field-id=\"3\"><label class=\"wpforms-field-label\" for=\"wpforms-1385-field_3\">Subject - Product <span class=\"wpforms-required-label\">*<\/span><\/label><input type=\"text\" id=\"wpforms-1385-field_3\" class=\"wpforms-field-large wpforms-field-required\" name=\"wpforms[fields][3]\" placeholder=\"Product Name\" required><\/div><div id=\"wpforms-1385-field_0-container\" class=\"wpforms-field wpforms-field-name\" data-field-id=\"0\"><label class=\"wpforms-field-label\" for=\"wpforms-1385-field_0\">Name <span class=\"wpforms-required-label\">*<\/span><\/label><input type=\"text\" id=\"wpforms-1385-field_0\" class=\"wpforms-field-large wpforms-field-required\" name=\"wpforms[fields][0]\" required><\/div><div id=\"wpforms-1385-field_5-container\" class=\"wpforms-field wpforms-field-text\" data-field-id=\"5\"><label class=\"wpforms-field-label\" for=\"wpforms-1385-field_5\">Company Name<\/label><input type=\"text\" id=\"wpforms-1385-field_5\" class=\"wpforms-field-large\" name=\"wpforms[fields][5]\" ><\/div><div id=\"wpforms-1385-field_1-container\" class=\"wpforms-field wpforms-field-email\" data-field-id=\"1\"><label class=\"wpforms-field-label\" for=\"wpforms-1385-field_1\">Email <span class=\"wpforms-required-label\">*<\/span><\/label><input type=\"email\" id=\"wpforms-1385-field_1\" class=\"wpforms-field-large wpforms-field-required\" name=\"wpforms[fields][1]\" spellcheck=\"false\" required><\/div><div id=\"wpforms-1385-field_6-container\" class=\"wpforms-field wpforms-field-number\" data-field-id=\"6\"><label class=\"wpforms-field-label\" for=\"wpforms-1385-field_6\">Contact Phone Number<\/label><input type=\"number\" id=\"wpforms-1385-field_6\" class=\"wpforms-field-large\" name=\"wpforms[fields][6]\" step=\"any\" ><\/div><div id=\"wpforms-1385-field_2-container\" class=\"wpforms-field wpforms-field-textarea\" data-field-id=\"2\"><label class=\"wpforms-field-label\" for=\"wpforms-1385-field_2\">Message<\/label><textarea id=\"wpforms-1385-field_2\" class=\"wpforms-field-medium\" name=\"wpforms[fields][2]\" ><\/textarea><\/div><div id=\"wpforms-1385-field_8-container\" class=\"wpforms-field wpforms-field-file-upload\" data-field-id=\"8\"><label class=\"wpforms-field-label\" for=\"wpforms-1385-field_8\">File Upload<\/label><div\n\t\tclass=\"wpforms-uploader \"\n\t\tdata-field-id=\"8\"\n\t\tdata-form-id=\"1385\"\n\t\tdata-input-name=\"wpforms_1385_8\"\n\t\tdata-extensions=\"jpg,jpeg,jpe,gif,png,bmp,tiff,tif,webp,avif,ico,heic,heif,heics,heifs,asf,asx,wmv,wmx,wm,avi,divx,mov,qt,mpeg,mpg,mpe,mp4,m4v,ogv,webm,mkv,3gp,3gpp,3g2,3gp2,txt,asc,c,cc,h,srt,csv,tsv,ics,rtx,css,vtt,mp3,m4a,m4b,aac,ra,ram,wav,x-wav,ogg,oga,flac,mid,midi,wma,wax,mka,rtf,pdf,class,tar,zip,gz,gzip,rar,7z,psd,xcf,doc,pot,pps,ppt,wri,xla,xls,xlt,xlw,mpp,docx,docm,dotx,dotm,xlsx,xlsm,xlsb,xltx,xltm,xlam,pptx,pptm,ppsx,ppsm,potx,potm,ppam,sldx,sldm,onetoc,onetoc2,onepkg,oxps,xps,odt,odp,ods,odg,odc,odb,odf,wp,wpd,key,numbers,pages\"\n\t\tdata-max-size=\"8388608\"\n\t\tdata-max-file-number=\"1\"\n\t\tdata-post-max-size=\"8388608\"\n\t\tdata-max-parallel-uploads=\"4\"\n\t\tdata-parallel-uploads=\"true\"\n\t\tdata-file-chunk-size=\"2097152\">\n\t<div class=\"dz-message\">\n\t\t<svg  viewBox=\"0 0 640 640\" focusable=\"false\" data-icon=\"inbox\" width=\"50px\" height=\"50px\" fill=\"currentColor\" aria-hidden=\"true\">\n\t\t\t<path d=\"M352 173.3L352 384C352 401.7 337.7 416 320 416C302.3 416 288 401.7 288 384L288 173.3L246.6 214.7C234.1 227.2 213.8 227.2 201.3 214.7C188.8 202.2 188.8 181.9 201.3 169.4L297.3 73.4C309.8 60.9 330.1 60.9 342.6 73.4L438.6 169.4C451.1 181.9 451.1 202.2 438.6 214.7C426.1 227.2 405.8 227.2 393.3 214.7L352 173.3zM320 464C364.2 464 400 428.2 400 384L480 384C515.3 384 544 412.7 544 448L544 480C544 515.3 515.3 544 480 544L160 544C124.7 544 96 515.3 96 480L96 448C96 412.7 124.7 384 160 384L240 384C240 428.2 275.8 464 320 464zM464 488C477.3 488 488 477.3 488 464C488 450.7 477.3 440 464 440C450.7 440 440 450.7 440 464C440 477.3 450.7 488 464 488z\"\/>\n\t\t<\/svg>\n\n\t\t<span class=\"modern-title\">\n\t\t\t\t\t\t\tDrag &amp; Drop Files, \t\t\t\t<span>Choose Files to Upload<\/span>\n\t\t\t\t\t<\/span>\n\n\t\t\t<\/div>\n<\/div>\n\n<input\n\t\ttype=\"text\"\n\t\tautocomplete=\"off\"\n\t\treadonly\n\t\tclass=\"dropzone-input\"\n\t\tstyle=\"position:absolute!important;clip:rect(0,0,0,0)!important;height:1px!important;width:1px!important;border:0!important;overflow:hidden!important;padding:0!important;margin:0!important;\"\n\t\tid=\"wpforms-1385-field_8\"\n\t\tname=\"wpforms_1385_8\" \t\tvalue=\"\">\n<\/div><\/div><!-- .wpforms-field-container --><div class=\"wpforms-submit-container\" ><input type=\"hidden\" name=\"wpforms[id]\" value=\"1385\"><input type=\"hidden\" name=\"page_title\" value=\"\"><input type=\"hidden\" name=\"page_url\" value=\"https:\/\/www.crushersparesltd.com\/ro\/wp-json\/wp\/v2\/product\/5122\"><input type=\"hidden\" name=\"url_referer\" value=\"\"><button type=\"submit\" name=\"wpforms[submit]\" id=\"wpforms-submit-1385\" class=\"wpforms-submit\" data-alt-text=\"Sending...\" data-submit-text=\"Submit\" aria-live=\"assertive\" value=\"wpforms-submit\">Submit<\/button><img decoding=\"async\" src=\"https:\/\/www.crushersparesltd.com\/wp-content\/plugins\/wpforms\/assets\/images\/submit-spin.svg\" class=\"wpforms-submit-spinner\" style=\"display: none;\" width=\"26\" height=\"26\" alt=\"Loading\"><\/div><\/form><\/div>  <!-- .wpforms-container --><\/p>\n<p>&nbsp;<\/p>\n","protected":false},"excerpt":{"rendered":"<p>CR005-060-001 Pin de suport basculant.<\/p>\n<p>Condi\u021bie :<strong> Nou\u00a0<\/strong><\/p>\n<p style=\"font-weight: 400;\">OEM\/Piata de schimb:\u00a0<strong>Terex\u00ae original OEM original*.\u00a0<\/strong><\/p>","protected":false},"featured_media":5097,"template":"","meta":{"site-sidebar-layout":"default","site-content-layout":"","ast-site-content-layout":"default","site-content-style":"default","site-sidebar-style":"default","ast-global-header-display":"","ast-banner-title-visibility":"","ast-main-header-display":"","ast-hfb-above-header-display":"","ast-hfb-below-header-display":"","ast-hfb-mobile-header-display":"","site-post-title":"","ast-breadcrumbs-content":"","ast-featured-img":"","footer-sml-layout":"","ast-disable-related-posts":"","theme-transparent-header-meta":"default","adv-header-id-meta":"","stick-header-meta":"default","header-above-stick-meta":"","header-main-stick-meta":"","header-below-stick-meta":"","astra-migrate-meta-layouts":"set","ast-page-background-enabled":"default","ast-page-background-meta":{"desktop":{"background-color":"","background-image":"","background-repeat":"repeat","background-position":"center center","background-size":"auto","background-attachment":"scroll","background-type":"","background-media":"","overlay-type":"","overlay-color":"","overlay-opacity":"","overlay-gradient":""},"tablet":{"background-color":"","background-image":"","background-repeat":"repeat","background-position":"center center","background-size":"auto","background-attachment":"scroll","background-type":"","background-media":"","overlay-type":"","overlay-color":"","overlay-opacity":"","overlay-gradient":""},"mobile":{"background-color":"","background-image":"","background-repeat":"repeat","background-position":"center center","background-size":"auto","background-attachment":"scroll","background-type":"","background-media":"","overlay-type":"","overlay-color":"","overlay-opacity":"","overlay-gradient":""}},"ast-content-background-meta":{"desktop":{"background-color":"var(--ast-global-color-5)","background-image":"","background-repeat":"repeat","background-position":"center center","background-size":"auto","background-attachment":"scroll","background-type":"","background-media":"","overlay-type":"","overlay-color":"","overlay-opacity":"","overlay-gradient":""},"tablet":{"background-color":"var(--ast-global-color-5)","background-image":"","background-repeat":"repeat","background-position":"center center","background-size":"auto","background-attachment":"scroll","background-type":"","background-media":"","overlay-type":"","overlay-color":"","overlay-opacity":"","overlay-gradient":""},"mobile":{"background-color":"var(--ast-global-color-5)","background-image":"","background-repeat":"repeat","background-position":"center center","background-size":"auto","background-attachment":"scroll","background-type":"","background-media":"","overlay-type":"","overlay-color":"","overlay-opacity":"","overlay-gradient":""}},"_joinchat":[]},"product_brand":[],"product_cat":[37,242],"product_tag":[],"class_list":{"0":"post-5122","1":"product","2":"type-product","3":"status-publish","4":"has-post-thumbnail","6":"product_cat-other-parts-components","7":"product_cat-miscellaneous","8":"desktop-align-center","9":"tablet-align-left","10":"mobile-align-center","11":"ast-product-gallery-layout-horizontal","12":"ast-product-gallery-with-no-image","13":"ast-product-tabs-layout-horizontal","15":"first","16":"instock","17":"shipping-taxable","18":"product-type-simple"},"yoast_head":"<!-- This site is optimized with the Yoast SEO plugin v27.4 - https:\/\/yoast.com\/product\/yoast-seo-wordpress\/ -->\n<title>CR005-060-001 Toggle Bracket Pin | Terex\u00ae Pegson\u00ae |<\/title>\n<meta name=\"description\" content=\"New, Toggle Bracket Pin CR005-060-001, Genuine Terex\u00ae OEM Original*.\u00a0Supplied by Crusher Spares Ltd. (Wales, U.K.). Worldwide Delivery.\" \/>\n<meta name=\"robots\" content=\"index, follow, max-snippet:-1, max-image-preview:large, max-video-preview:-1\" \/>\n<link rel=\"canonical\" href=\"https:\/\/www.crushersparesltd.com\/ro\/produs\/cr005-060-001-stift-suport-de-comutare-terex-pegson\/\" \/>\n<meta property=\"og:locale\" content=\"ro_RO\" \/>\n<meta property=\"og:type\" content=\"article\" \/>\n<meta property=\"og:title\" content=\"CR005-060-001 Toggle Bracket Pin | Terex\u00ae Pegson\u00ae |\" \/>\n<meta property=\"og:description\" content=\"New, Toggle Bracket Pin CR005-060-001, Genuine Terex\u00ae OEM Original*.\u00a0Supplied by Crusher Spares Ltd. (Wales, U.K.). Worldwide Delivery.\" \/>\n<meta property=\"og:url\" content=\"https:\/\/www.crushersparesltd.com\/ro\/produs\/cr005-060-001-stift-suport-de-comutare-terex-pegson\/\" \/>\n<meta property=\"og:site_name\" content=\"Crusher Spares &amp; Parts | UK &amp; Worldwide Delivery | Crusher Spares Ltd\" \/>\n<meta property=\"article:modified_time\" content=\"2025-11-06T15:43:51+00:00\" \/>\n<meta property=\"og:image\" content=\"https:\/\/www.crushersparesltd.com\/wp-content\/uploads\/2023\/11\/CR005-060-001-Toggle-Bracket-Pin-scaled-e1698929756497.jpg?v=1750692572\" \/>\n\t<meta property=\"og:image:width\" content=\"450\" \/>\n\t<meta property=\"og:image:height\" content=\"600\" \/>\n\t<meta property=\"og:image:type\" content=\"image\/jpeg\" \/>\n<meta name=\"twitter:card\" content=\"summary_large_image\" \/>\n<meta name=\"twitter:label1\" content=\"Timp estimat pentru citire\" \/>\n\t<meta name=\"twitter:data1\" content=\"1 minut\" \/>\n<script type=\"application\/ld+json\" class=\"yoast-schema-graph\">{\"@context\":\"https:\\\/\\\/schema.org\",\"@graph\":[{\"@type\":\"WebPage\",\"@id\":\"https:\\\/\\\/www.crushersparesltd.com\\\/product\\\/cr005-060-001-toggle-bracket-pin-terex-pegson\\\/\",\"url\":\"https:\\\/\\\/www.crushersparesltd.com\\\/product\\\/cr005-060-001-toggle-bracket-pin-terex-pegson\\\/\",\"name\":\"CR005-060-001 Toggle Bracket Pin | Terex\u00ae Pegson\u00ae |\",\"isPartOf\":{\"@id\":\"https:\\\/\\\/www.crushersparesltd.com\\\/#website\"},\"primaryImageOfPage\":{\"@id\":\"https:\\\/\\\/www.crushersparesltd.com\\\/product\\\/cr005-060-001-toggle-bracket-pin-terex-pegson\\\/#primaryimage\"},\"image\":{\"@id\":\"https:\\\/\\\/www.crushersparesltd.com\\\/product\\\/cr005-060-001-toggle-bracket-pin-terex-pegson\\\/#primaryimage\"},\"thumbnailUrl\":\"https:\\\/\\\/www.crushersparesltd.com\\\/wp-content\\\/uploads\\\/2023\\\/11\\\/CR005-060-001-Toggle-Bracket-Pin-scaled-e1698929756497.jpg?v=1750692572\",\"datePublished\":\"2023-11-03T10:35:47+00:00\",\"dateModified\":\"2025-11-06T15:43:51+00:00\",\"description\":\"New, Toggle Bracket Pin CR005-060-001, Genuine Terex\u00ae OEM Original*.\u00a0Supplied by Crusher Spares Ltd. (Wales, U.K.). Worldwide Delivery.\",\"breadcrumb\":{\"@id\":\"https:\\\/\\\/www.crushersparesltd.com\\\/product\\\/cr005-060-001-toggle-bracket-pin-terex-pegson\\\/#breadcrumb\"},\"inLanguage\":\"ro-RO\",\"potentialAction\":[{\"@type\":\"ReadAction\",\"target\":[\"https:\\\/\\\/www.crushersparesltd.com\\\/product\\\/cr005-060-001-toggle-bracket-pin-terex-pegson\\\/\"]}]},{\"@type\":\"ImageObject\",\"inLanguage\":\"ro-RO\",\"@id\":\"https:\\\/\\\/www.crushersparesltd.com\\\/product\\\/cr005-060-001-toggle-bracket-pin-terex-pegson\\\/#primaryimage\",\"url\":\"https:\\\/\\\/www.crushersparesltd.com\\\/wp-content\\\/uploads\\\/2023\\\/11\\\/CR005-060-001-Toggle-Bracket-Pin-scaled-e1698929756497.jpg?v=1750692572\",\"contentUrl\":\"https:\\\/\\\/www.crushersparesltd.com\\\/wp-content\\\/uploads\\\/2023\\\/11\\\/CR005-060-001-Toggle-Bracket-Pin-scaled-e1698929756497.jpg?v=1750692572\",\"width\":450,\"height\":600,\"caption\":\"CR005-060-001 Toggle Bracket Pin | Terex\u00ae Pegson\u00ae |\"},{\"@type\":\"BreadcrumbList\",\"@id\":\"https:\\\/\\\/www.crushersparesltd.com\\\/product\\\/cr005-060-001-toggle-bracket-pin-terex-pegson\\\/#breadcrumb\",\"itemListElement\":[{\"@type\":\"ListItem\",\"position\":1,\"name\":\"Home\",\"item\":\"https:\\\/\\\/www.crushersparesltd.com\\\/\"},{\"@type\":\"ListItem\",\"position\":2,\"name\":\"Crushers &#038; Parts\",\"item\":\"https:\\\/\\\/www.crushersparesltd.com\\\/parts-services\\\/\"},{\"@type\":\"ListItem\",\"position\":3,\"name\":\"CR005-060-001 Toggle Bracket Pin | Terex\u00ae Pegson\u00ae |\"}]},{\"@type\":\"WebSite\",\"@id\":\"https:\\\/\\\/www.crushersparesltd.com\\\/#website\",\"url\":\"https:\\\/\\\/www.crushersparesltd.com\\\/\",\"name\":\"Crusher Spares Ltd\",\"description\":\"Crusher Spares Ltd supplies high-quality crusher spares, parts &amp; wear parts for jaw, cone &amp; impact crushers. Fast UK &amp; global delivery available.\",\"publisher\":{\"@id\":\"https:\\\/\\\/www.crushersparesltd.com\\\/#organization\"},\"alternateName\":\"Crusher Spares Ltd\",\"potentialAction\":[{\"@type\":\"SearchAction\",\"target\":{\"@type\":\"EntryPoint\",\"urlTemplate\":\"https:\\\/\\\/www.crushersparesltd.com\\\/?s={search_term_string}\"},\"query-input\":{\"@type\":\"PropertyValueSpecification\",\"valueRequired\":true,\"valueName\":\"search_term_string\"}}],\"inLanguage\":\"ro-RO\"},{\"@type\":\"Organization\",\"@id\":\"https:\\\/\\\/www.crushersparesltd.com\\\/#organization\",\"name\":\"Crusher Spares Ltd\",\"alternateName\":\"Crusher Spares Ltd\",\"url\":\"https:\\\/\\\/www.crushersparesltd.com\\\/\",\"logo\":{\"@type\":\"ImageObject\",\"inLanguage\":\"ro-RO\",\"@id\":\"https:\\\/\\\/www.crushersparesltd.com\\\/#\\\/schema\\\/logo\\\/image\\\/\",\"url\":\"https:\\\/\\\/www.crushersparesltd.com\\\/wp-content\\\/uploads\\\/2023\\\/11\\\/CSL-LOGO-min.png?v=1703149155\",\"contentUrl\":\"https:\\\/\\\/www.crushersparesltd.com\\\/wp-content\\\/uploads\\\/2023\\\/11\\\/CSL-LOGO-min.png?v=1703149155\",\"width\":368,\"height\":171,\"caption\":\"Crusher Spares Ltd\"},\"image\":{\"@id\":\"https:\\\/\\\/www.crushersparesltd.com\\\/#\\\/schema\\\/logo\\\/image\\\/\"}}]}<\/script>\n<!-- \/ Yoast SEO plugin. -->","yoast_head_json":{"title":"CR005-060-001 Pin suport de comutare | Terex\u00ae Pegson\u00ae |","description":"Nou, \u0219tift de suport basculant CR005-060-001, original Terex\u00ae OEM*. Furnizat de Crusher Spares Ltd. (\u021aara Galilor, Regatul Unit). Livrare \u00een \u00eentreaga lume.","robots":{"index":"index","follow":"follow","max-snippet":"max-snippet:-1","max-image-preview":"max-image-preview:large","max-video-preview":"max-video-preview:-1"},"canonical":"https:\/\/www.crushersparesltd.com\/ro\/produs\/cr005-060-001-stift-suport-de-comutare-terex-pegson\/","og_locale":"ro_RO","og_type":"article","og_title":"CR005-060-001 Toggle Bracket Pin | Terex\u00ae Pegson\u00ae |","og_description":"New, Toggle Bracket Pin CR005-060-001, Genuine Terex\u00ae OEM Original*.\u00a0Supplied by Crusher Spares Ltd. (Wales, U.K.). Worldwide Delivery.","og_url":"https:\/\/www.crushersparesltd.com\/ro\/produs\/cr005-060-001-stift-suport-de-comutare-terex-pegson\/","og_site_name":"Crusher Spares &amp; Parts | UK &amp; Worldwide Delivery | Crusher Spares Ltd","article_modified_time":"2025-11-06T15:43:51+00:00","og_image":[{"width":450,"height":600,"url":"https:\/\/www.crushersparesltd.com\/wp-content\/uploads\/2023\/11\/CR005-060-001-Toggle-Bracket-Pin-scaled-e1698929756497.jpg?v=1750692572","type":"image\/jpeg"}],"twitter_card":"summary_large_image","twitter_misc":{"Timp estimat pentru citire":"1 minut"},"schema":{"@context":"https:\/\/schema.org","@graph":[{"@type":"WebPage","@id":"https:\/\/www.crushersparesltd.com\/product\/cr005-060-001-toggle-bracket-pin-terex-pegson\/","url":"https:\/\/www.crushersparesltd.com\/product\/cr005-060-001-toggle-bracket-pin-terex-pegson\/","name":"CR005-060-001 Pin suport de comutare | Terex\u00ae Pegson\u00ae |","isPartOf":{"@id":"https:\/\/www.crushersparesltd.com\/#website"},"primaryImageOfPage":{"@id":"https:\/\/www.crushersparesltd.com\/product\/cr005-060-001-toggle-bracket-pin-terex-pegson\/#primaryimage"},"image":{"@id":"https:\/\/www.crushersparesltd.com\/product\/cr005-060-001-toggle-bracket-pin-terex-pegson\/#primaryimage"},"thumbnailUrl":"https:\/\/www.crushersparesltd.com\/wp-content\/uploads\/2023\/11\/CR005-060-001-Toggle-Bracket-Pin-scaled-e1698929756497.jpg?v=1750692572","datePublished":"2023-11-03T10:35:47+00:00","dateModified":"2025-11-06T15:43:51+00:00","description":"Nou, \u0219tift de suport basculant CR005-060-001, original Terex\u00ae OEM*. Furnizat de Crusher Spares Ltd. (\u021aara Galilor, Regatul Unit). Livrare \u00een \u00eentreaga lume.","breadcrumb":{"@id":"https:\/\/www.crushersparesltd.com\/product\/cr005-060-001-toggle-bracket-pin-terex-pegson\/#breadcrumb"},"inLanguage":"ro-RO","potentialAction":[{"@type":"ReadAction","target":["https:\/\/www.crushersparesltd.com\/product\/cr005-060-001-toggle-bracket-pin-terex-pegson\/"]}]},{"@type":"ImageObject","inLanguage":"ro-RO","@id":"https:\/\/www.crushersparesltd.com\/product\/cr005-060-001-toggle-bracket-pin-terex-pegson\/#primaryimage","url":"https:\/\/www.crushersparesltd.com\/wp-content\/uploads\/2023\/11\/CR005-060-001-Toggle-Bracket-Pin-scaled-e1698929756497.jpg?v=1750692572","contentUrl":"https:\/\/www.crushersparesltd.com\/wp-content\/uploads\/2023\/11\/CR005-060-001-Toggle-Bracket-Pin-scaled-e1698929756497.jpg?v=1750692572","width":450,"height":600,"caption":"CR005-060-001 Toggle Bracket Pin | Terex\u00ae Pegson\u00ae |"},{"@type":"BreadcrumbList","@id":"https:\/\/www.crushersparesltd.com\/product\/cr005-060-001-toggle-bracket-pin-terex-pegson\/#breadcrumb","itemListElement":[{"@type":"ListItem","position":1,"name":"Home","item":"https:\/\/www.crushersparesltd.com\/"},{"@type":"ListItem","position":2,"name":"Crushers &#038; Parts","item":"https:\/\/www.crushersparesltd.com\/parts-services\/"},{"@type":"ListItem","position":3,"name":"CR005-060-001 Toggle Bracket Pin | Terex\u00ae Pegson\u00ae |"}]},{"@type":"WebSite","@id":"https:\/\/www.crushersparesltd.com\/#website","url":"https:\/\/www.crushersparesltd.com\/","name":"Crusher Spares Ltd","description":"Crusher Spares Ltd furnizeaz\u0103 piese de schimb de \u00eenalt\u0103 calitate pentru concasoare, piese \u0219i piese de uzur\u0103 pentru concasoare cu falci, con \u0219i impact. Livrare rapid\u0103 \u00een Marea Britanie \u0219i la nivel global disponibil\u0103.","publisher":{"@id":"https:\/\/www.crushersparesltd.com\/#organization"},"alternateName":"Crusher Spares Ltd","potentialAction":[{"@type":"SearchAction","target":{"@type":"EntryPoint","urlTemplate":"https:\/\/www.crushersparesltd.com\/?s={search_term_string}"},"query-input":{"@type":"PropertyValueSpecification","valueRequired":true,"valueName":"search_term_string"}}],"inLanguage":"ro-RO"},{"@type":"Organization","@id":"https:\/\/www.crushersparesltd.com\/#organization","name":"Crusher Spares Ltd","alternateName":"Crusher Spares Ltd","url":"https:\/\/www.crushersparesltd.com\/","logo":{"@type":"ImageObject","inLanguage":"ro-RO","@id":"https:\/\/www.crushersparesltd.com\/#\/schema\/logo\/image\/","url":"https:\/\/www.crushersparesltd.com\/wp-content\/uploads\/2023\/11\/CSL-LOGO-min.png?v=1703149155","contentUrl":"https:\/\/www.crushersparesltd.com\/wp-content\/uploads\/2023\/11\/CSL-LOGO-min.png?v=1703149155","width":368,"height":171,"caption":"Crusher Spares Ltd"},"image":{"@id":"https:\/\/www.crushersparesltd.com\/#\/schema\/logo\/image\/"}}]}},"_links":{"self":[{"href":"https:\/\/www.crushersparesltd.com\/ro\/wp-json\/wp\/v2\/product\/5122","targetHints":{"allow":["GET"]}}],"collection":[{"href":"https:\/\/www.crushersparesltd.com\/ro\/wp-json\/wp\/v2\/product"}],"about":[{"href":"https:\/\/www.crushersparesltd.com\/ro\/wp-json\/wp\/v2\/types\/product"}],"version-history":[{"count":1,"href":"https:\/\/www.crushersparesltd.com\/ro\/wp-json\/wp\/v2\/product\/5122\/revisions"}],"predecessor-version":[{"id":11360,"href":"https:\/\/www.crushersparesltd.com\/ro\/wp-json\/wp\/v2\/product\/5122\/revisions\/11360"}],"wp:featuredmedia":[{"embeddable":true,"href":"https:\/\/www.crushersparesltd.com\/ro\/wp-json\/wp\/v2\/media\/5097"}],"wp:attachment":[{"href":"https:\/\/www.crushersparesltd.com\/ro\/wp-json\/wp\/v2\/media?parent=5122"}],"wp:term":[{"taxonomy":"product_brand","embeddable":true,"href":"https:\/\/www.crushersparesltd.com\/ro\/wp-json\/wp\/v2\/product_brand?post=5122"},{"taxonomy":"product_cat","embeddable":true,"href":"https:\/\/www.crushersparesltd.com\/ro\/wp-json\/wp\/v2\/product_cat?post=5122"},{"taxonomy":"product_tag","embeddable":true,"href":"https:\/\/www.crushersparesltd.com\/ro\/wp-json\/wp\/v2\/product_tag?post=5122"}],"curies":[{"name":"wp","href":"https:\/\/api.w.org\/{rel}","templated":true}]}}